{"id":26,"date":"2024-08-30T23:53:04","date_gmt":"2024-08-30T21:53:04","guid":{"rendered":"http:\/\/thefabulousawkwardboys.com\/?page_id=26"},"modified":"2024-09-24T16:28:05","modified_gmt":"2024-09-24T14:28:05","slug":"pro-booking","status":"publish","type":"page","link":"https:\/\/thefabulousawkwardboys.com\/index.php\/pro-booking\/","title":{"rendered":"Pro\/Booking"},"content":{"rendered":"\n<figure class=\"wp-block-image size-large\"><img loading=\"lazy\" decoding=\"async\" width=\"1024\" height=\"683\" src=\"http:\/\/thefabulousawkwardboys.com\/wp-content\/uploads\/2024\/09\/LIVE-CHALLENGE-31-8-24-MYRIAM-LE-MOG-FAB-5-1024x683.jpeg\" alt=\"\" class=\"wp-image-110\" srcset=\"https:\/\/thefabulousawkwardboys.com\/wp-content\/uploads\/2024\/09\/LIVE-CHALLENGE-31-8-24-MYRIAM-LE-MOG-FAB-5-1024x683.jpeg 1024w, https:\/\/thefabulousawkwardboys.com\/wp-content\/uploads\/2024\/09\/LIVE-CHALLENGE-31-8-24-MYRIAM-LE-MOG-FAB-5-300x200.jpeg 300w, https:\/\/thefabulousawkwardboys.com\/wp-content\/uploads\/2024\/09\/LIVE-CHALLENGE-31-8-24-MYRIAM-LE-MOG-FAB-5-768x512.jpeg 768w, https:\/\/thefabulousawkwardboys.com\/wp-content\/uploads\/2024\/09\/LIVE-CHALLENGE-31-8-24-MYRIAM-LE-MOG-FAB-5-1536x1024.jpeg 1536w, https:\/\/thefabulousawkwardboys.com\/wp-content\/uploads\/2024\/09\/LIVE-CHALLENGE-31-8-24-MYRIAM-LE-MOG-FAB-5-2048x1365.jpeg 2048w, https:\/\/thefabulousawkwardboys.com\/wp-content\/uploads\/2024\/09\/LIVE-CHALLENGE-31-8-24-MYRIAM-LE-MOG-FAB-5-420x280.jpeg 420w, https:\/\/thefabulousawkwardboys.com\/wp-content\/uploads\/2024\/09\/LIVE-CHALLENGE-31-8-24-MYRIAM-LE-MOG-FAB-5-385x257.jpeg 385w\" sizes=\"auto, (max-width: 1024px) 100vw, 1024px\" \/><\/figure>\n\n\n\n<div class=\"wp-block-columns is-layout-flex wp-container-core-columns-is-layout-9d6595d7 wp-block-columns-is-layout-flex\">\n<div class=\"wp-block-column is-layout-flow wp-block-column-is-layout-flow\" style=\"flex-basis:100%\">\n<pre class=\"wp-block-preformatted has-small-font-size\">Le groupe The Fabulous Awkward Boys (compos\u00e9 de 4 musiciens + technicien son en option) peut-\u00eatre book\u00e9 de 2 fa\u00e7ons:<br><br>1. Via le label\/asso <br><strong>Gorgeoussound Records<\/strong> (asso loi 1901)<br>n\u00b0 SIRET : 922 807 268 00011<br>n\u00b0 RNA : W111001107<br><em>L'asso est assur\u00e9e pour toutes ses prestations aupr\u00e8s de la <strong>MAIF<\/strong>, y compris en responsabilit\u00e9 civile.<\/em><br><br>Il s'agit dans ce cas d'un contrat de production\/prestation du concert, l'asso n'est en aucun cas responsable de l'organisation du concert, ni de la billetterie, de la s\u00e9curit\u00e9 des lieux : le devis couvre alors le d\u00e9fraiements des musiciens, le transport, les frais d'h\u00e9bergement ou de restauration \u00e9ventuels, ainsi bien s\u00fbr que l'ensemble de la prestation concert :<br>- installations, balances, mat\u00e9riel de sc\u00e8ne et sonorisation pour une jauge max de 150 personnes (sono 2 x 330W)<br>- la prestation concert<br>- un set lights de 4 PAR Leds et 3 luminaires d\u00e9co<br>- le devis est fait sur mesure en fonction des \u00e9l\u00e9ments d\u00e9j\u00e0 fourni par l'organisateur au niveau sc\u00e9nique et des conditions sur place (repas, boissons fournies, loges, etc..)<br>- dur\u00e9e du set variable entre 45' (multi-plateau) et 2h max: toutes les compositions du groupe sont d\u00e9pos\u00e9es \u00e0 la SACEM et la set-list est d\u00e9clar\u00e9e; une copie peut-\u00eatre remise \u00e0 l'organisateur sur demande. Des reprises (25% max du set) peuvent \u00eatre incluses dans le set. Nous ne sommes pas un groupe d'animation, mais un groupe de musique.<br>- Les artistes ne sont donc pas r\u00e9mun\u00e9r\u00e9s pour leur prestation, mais la r\u00e9mun\u00e9ration de l'asso permet leur d\u00e9fraiement et le renouvellement du mat\u00e9riel de concert, et fait vivre l'asso.<br><br>2. via le GUSO (guichet unique de spectacle occasionnel):<br>En tant qu'artistes musiciens, nous sommes tous inscrits au GUSO et pouvons donc \u00eatre directement engag\u00e9s par l'organisateur du concert, qui devient alors de fait l'employeur des artistes.<br><br>3. Un mix des 2 formules ci-dessus, en fonction du budget de l'organisateur:<br>Une partie d\u00e9fraiements et production peut-\u00eatre factur\u00e9e par l'asso, et les artistes r\u00e9mun\u00e9r\u00e9s \u00e0 part via des GUSO.<br><br>Dans tous les cas il est important que la promo du concert soit r\u00e9alis\u00e9e principalement par l'organisateur. Bien s\u00fbr le groupe y participera aussi et fournira tous les \u00e9l\u00e9ments de promo, photos, logos, texte pr\u00e9sentation \u00e0 l'organisateur. Toutes les publications sur les r\u00e9seaux sociaux seront partag\u00e9es entre l'organisateur et le groupe ou asso.<br><br>Pour toute question, ou devis, merci de prendre contact avec Fabien:<br>Gorgeoussound Records<br>Tel. 06 03 75 62 08<br>gorgeoussoundrecords@gmail.com<br><br>La fiche technique et le plan de sc\u00e8ne seront communiqu\u00e9es sur demande.<br>Merci de pr\u00e9voir un espace sc\u00e9nique suffisant, 12m2 minimum. <br><\/pre>\n<\/div>\n<\/div>\n\n\n\n<figure class=\"wp-block-gallery has-nested-images columns-default is-cropped wp-block-gallery-1 is-layout-flex wp-block-gallery-is-layout-flex\">\n<figure class=\"wp-block-image size-large\"><img loading=\"lazy\" decoding=\"async\" width=\"683\" height=\"1024\" data-id=\"118\" src=\"http:\/\/thefabulousawkwardboys.com\/wp-content\/uploads\/2024\/09\/LIVE-CHALLENGE-31-8-24-MYRIAM-LE-MOG-FAB-10-683x1024.jpeg\" alt=\"\" class=\"wp-image-118\" srcset=\"https:\/\/thefabulousawkwardboys.com\/wp-content\/uploads\/2024\/09\/LIVE-CHALLENGE-31-8-24-MYRIAM-LE-MOG-FAB-10-683x1024.jpeg 683w, https:\/\/thefabulousawkwardboys.com\/wp-content\/uploads\/2024\/09\/LIVE-CHALLENGE-31-8-24-MYRIAM-LE-MOG-FAB-10-200x300.jpeg 200w, https:\/\/thefabulousawkwardboys.com\/wp-content\/uploads\/2024\/09\/LIVE-CHALLENGE-31-8-24-MYRIAM-LE-MOG-FAB-10-768x1152.jpeg 768w, https:\/\/thefabulousawkwardboys.com\/wp-content\/uploads\/2024\/09\/LIVE-CHALLENGE-31-8-24-MYRIAM-LE-MOG-FAB-10-1024x1536.jpeg 1024w, https:\/\/thefabulousawkwardboys.com\/wp-content\/uploads\/2024\/09\/LIVE-CHALLENGE-31-8-24-MYRIAM-LE-MOG-FAB-10-1365x2048.jpeg 1365w, https:\/\/thefabulousawkwardboys.com\/wp-content\/uploads\/2024\/09\/LIVE-CHALLENGE-31-8-24-MYRIAM-LE-MOG-FAB-10-scaled.jpeg 1707w\" sizes=\"auto, (max-width: 683px) 100vw, 683px\" \/><\/figure>\n\n\n\n<figure class=\"wp-block-image size-large\"><img loading=\"lazy\" decoding=\"async\" width=\"683\" height=\"1024\" data-id=\"116\" src=\"http:\/\/thefabulousawkwardboys.com\/wp-content\/uploads\/2024\/09\/LIVE-CHALLENGE-31-8-24-MYRIAM-LE-MOG-FAB-32-683x1024.jpeg\" alt=\"\" class=\"wp-image-116\" srcset=\"https:\/\/thefabulousawkwardboys.com\/wp-content\/uploads\/2024\/09\/LIVE-CHALLENGE-31-8-24-MYRIAM-LE-MOG-FAB-32-683x1024.jpeg 683w, https:\/\/thefabulousawkwardboys.com\/wp-content\/uploads\/2024\/09\/LIVE-CHALLENGE-31-8-24-MYRIAM-LE-MOG-FAB-32-200x300.jpeg 200w, https:\/\/thefabulousawkwardboys.com\/wp-content\/uploads\/2024\/09\/LIVE-CHALLENGE-31-8-24-MYRIAM-LE-MOG-FAB-32-768x1152.jpeg 768w, https:\/\/thefabulousawkwardboys.com\/wp-content\/uploads\/2024\/09\/LIVE-CHALLENGE-31-8-24-MYRIAM-LE-MOG-FAB-32-1024x1536.jpeg 1024w, https:\/\/thefabulousawkwardboys.com\/wp-content\/uploads\/2024\/09\/LIVE-CHALLENGE-31-8-24-MYRIAM-LE-MOG-FAB-32-1365x2048.jpeg 1365w, https:\/\/thefabulousawkwardboys.com\/wp-content\/uploads\/2024\/09\/LIVE-CHALLENGE-31-8-24-MYRIAM-LE-MOG-FAB-32-scaled.jpeg 1707w\" sizes=\"auto, (max-width: 683px) 100vw, 683px\" \/><\/figure>\n\n\n\n<figure class=\"wp-block-image size-large\"><img loading=\"lazy\" decoding=\"async\" width=\"683\" height=\"1024\" data-id=\"119\" src=\"http:\/\/thefabulousawkwardboys.com\/wp-content\/uploads\/2024\/09\/LIVE-CHALLENGE-31-8-24-MYRIAM-LE-MOG-FAB-28-683x1024.jpeg\" alt=\"\" class=\"wp-image-119\" srcset=\"https:\/\/thefabulousawkwardboys.com\/wp-content\/uploads\/2024\/09\/LIVE-CHALLENGE-31-8-24-MYRIAM-LE-MOG-FAB-28-683x1024.jpeg 683w, https:\/\/thefabulousawkwardboys.com\/wp-content\/uploads\/2024\/09\/LIVE-CHALLENGE-31-8-24-MYRIAM-LE-MOG-FAB-28-200x300.jpeg 200w, https:\/\/thefabulousawkwardboys.com\/wp-content\/uploads\/2024\/09\/LIVE-CHALLENGE-31-8-24-MYRIAM-LE-MOG-FAB-28-768x1152.jpeg 768w, https:\/\/thefabulousawkwardboys.com\/wp-content\/uploads\/2024\/09\/LIVE-CHALLENGE-31-8-24-MYRIAM-LE-MOG-FAB-28-1024x1536.jpeg 1024w, https:\/\/thefabulousawkwardboys.com\/wp-content\/uploads\/2024\/09\/LIVE-CHALLENGE-31-8-24-MYRIAM-LE-MOG-FAB-28-1365x2048.jpeg 1365w, https:\/\/thefabulousawkwardboys.com\/wp-content\/uploads\/2024\/09\/LIVE-CHALLENGE-31-8-24-MYRIAM-LE-MOG-FAB-28-scaled.jpeg 1707w\" sizes=\"auto, (max-width: 683px) 100vw, 683px\" \/><\/figure>\n\n\n\n<figure class=\"wp-block-image size-large\"><img loading=\"lazy\" decoding=\"async\" width=\"1024\" height=\"683\" data-id=\"117\" src=\"http:\/\/thefabulousawkwardboys.com\/wp-content\/uploads\/2024\/09\/LIVE-CHALLENGE-31-8-24-MYRIAM-LE-MOG-FAB-37-1024x683.jpeg\" alt=\"\" class=\"wp-image-117\" srcset=\"https:\/\/thefabulousawkwardboys.com\/wp-content\/uploads\/2024\/09\/LIVE-CHALLENGE-31-8-24-MYRIAM-LE-MOG-FAB-37-1024x683.jpeg 1024w, https:\/\/thefabulousawkwardboys.com\/wp-content\/uploads\/2024\/09\/LIVE-CHALLENGE-31-8-24-MYRIAM-LE-MOG-FAB-37-300x200.jpeg 300w, https:\/\/thefabulousawkwardboys.com\/wp-content\/uploads\/2024\/09\/LIVE-CHALLENGE-31-8-24-MYRIAM-LE-MOG-FAB-37-768x512.jpeg 768w, https:\/\/thefabulousawkwardboys.com\/wp-content\/uploads\/2024\/09\/LIVE-CHALLENGE-31-8-24-MYRIAM-LE-MOG-FAB-37-1536x1024.jpeg 1536w, https:\/\/thefabulousawkwardboys.com\/wp-content\/uploads\/2024\/09\/LIVE-CHALLENGE-31-8-24-MYRIAM-LE-MOG-FAB-37-2048x1365.jpeg 2048w, https:\/\/thefabulousawkwardboys.com\/wp-content\/uploads\/2024\/09\/LIVE-CHALLENGE-31-8-24-MYRIAM-LE-MOG-FAB-37-420x280.jpeg 420w, https:\/\/thefabulousawkwardboys.com\/wp-content\/uploads\/2024\/09\/LIVE-CHALLENGE-31-8-24-MYRIAM-LE-MOG-FAB-37-385x257.jpeg 385w\" sizes=\"auto, (max-width: 1024px) 100vw, 1024px\" \/><\/figure>\n<\/figure>\n\n\n\n<h3 class=\"wp-block-heading\"><\/h3>\n\n\n\n<h3 class=\"wp-block-heading\">Plan de sc\u00e8ne\/Fiche Tech :<\/h3>\n\n\n\n<figure class=\"wp-block-gallery has-nested-images columns-default is-cropped wp-block-gallery-2 is-layout-flex wp-block-gallery-is-layout-flex\">\n<figure class=\"wp-block-image size-large\"><a href=\"https:\/\/www.dropbox.com\/scl\/fi\/3c6qvs0ebodxx8zs0enpi\/Plan-de-sc-ne-BW-MAJ-sept2024.pdf?rlkey=dal831zqcw1qn7w5xcvh0xdw9&amp;st=1chd9rz7&amp;dl=0\" target=\"_blank\" rel=\"noreferrer noopener\"><img loading=\"lazy\" decoding=\"async\" width=\"1024\" height=\"724\" data-id=\"132\" src=\"http:\/\/thefabulousawkwardboys.com\/wp-content\/uploads\/2024\/09\/Plan-de-scene-BW-MAJ-sept2024.1-1-1024x724.jpeg\" alt=\"\" class=\"wp-image-132\" srcset=\"https:\/\/thefabulousawkwardboys.com\/wp-content\/uploads\/2024\/09\/Plan-de-scene-BW-MAJ-sept2024.1-1-1024x724.jpeg 1024w, https:\/\/thefabulousawkwardboys.com\/wp-content\/uploads\/2024\/09\/Plan-de-scene-BW-MAJ-sept2024.1-1-300x212.jpeg 300w, https:\/\/thefabulousawkwardboys.com\/wp-content\/uploads\/2024\/09\/Plan-de-scene-BW-MAJ-sept2024.1-1-768x543.jpeg 768w, https:\/\/thefabulousawkwardboys.com\/wp-content\/uploads\/2024\/09\/Plan-de-scene-BW-MAJ-sept2024.1-1-1536x1085.jpeg 1536w, https:\/\/thefabulousawkwardboys.com\/wp-content\/uploads\/2024\/09\/Plan-de-scene-BW-MAJ-sept2024.1-1.jpeg 1684w\" sizes=\"auto, (max-width: 1024px) 100vw, 1024px\" \/><\/a><\/figure>\n\n\n\n<figure class=\"wp-block-image size-large\"><a href=\"https:\/\/www.dropbox.com\/scl\/fi\/7ta128spb607a0xkq6x28\/Fiche-Technique-The-FAB-MAJ-sept_2024.pdf?rlkey=j744ia92k6g5tdbow29ti0ypq&amp;st=i8ltepb4&amp;dl=0\"><img loading=\"lazy\" decoding=\"async\" width=\"724\" height=\"1024\" data-id=\"131\" src=\"http:\/\/thefabulousawkwardboys.com\/wp-content\/uploads\/2024\/09\/Fiche-Technique-The-FAB-MAJ-sept_2024-724x1024.jpg\" alt=\"\" class=\"wp-image-131\" srcset=\"https:\/\/thefabulousawkwardboys.com\/wp-content\/uploads\/2024\/09\/Fiche-Technique-The-FAB-MAJ-sept_2024-724x1024.jpg 724w, https:\/\/thefabulousawkwardboys.com\/wp-content\/uploads\/2024\/09\/Fiche-Technique-The-FAB-MAJ-sept_2024-212x300.jpg 212w, https:\/\/thefabulousawkwardboys.com\/wp-content\/uploads\/2024\/09\/Fiche-Technique-The-FAB-MAJ-sept_2024-768x1086.jpg 768w, https:\/\/thefabulousawkwardboys.com\/wp-content\/uploads\/2024\/09\/Fiche-Technique-The-FAB-MAJ-sept_2024-1086x1536.jpg 1086w, https:\/\/thefabulousawkwardboys.com\/wp-content\/uploads\/2024\/09\/Fiche-Technique-The-FAB-MAJ-sept_2024.jpg 1190w\" sizes=\"auto, (max-width: 724px) 100vw, 724px\" \/><\/a><\/figure>\n<\/figure>\n\n\n\n<p><\/p>\n","protected":false},"excerpt":{"rendered":"<p>Le groupe The Fabulous Awkward Boys (compos\u00e9 de 4 musiciens + technicien son en option) peut-\u00eatre book\u00e9 de 2 fa\u00e7ons:1. Via le label\/asso Gorgeoussound Records (asso loi 1901)n\u00b0 SIRET : 922 807 268 00011n\u00b0 RNA : W111001107L&rsquo;asso est assur\u00e9e pour toutes ses prestations aupr\u00e8s de la MAIF, y compris en <span class=\"read-more\"><a class=\"more-link btn btn-transparent\" href=\"https:\/\/thefabulousawkwardboys.com\/index.php\/pro-booking\/\">Lire la suite . . .<\/a><\/span><\/p>\n","protected":false},"author":1,"featured_media":0,"parent":0,"menu_order":0,"comment_status":"closed","ping_status":"closed","template":"","meta":{"footnotes":""},"class_list":["post-26","page","type-page","status-publish","hentry"],"_links":{"self":[{"href":"https:\/\/thefabulousawkwardboys.com\/index.php\/wp-json\/wp\/v2\/pages\/26","targetHints":{"allow":["GET"]}}],"collection":[{"href":"https:\/\/thefabulousawkwardboys.com\/index.php\/wp-json\/wp\/v2\/pages"}],"about":[{"href":"https:\/\/thefabulousawkwardboys.com\/index.php\/wp-json\/wp\/v2\/types\/page"}],"author":[{"embeddable":true,"href":"https:\/\/thefabulousawkwardboys.com\/index.php\/wp-json\/wp\/v2\/users\/1"}],"replies":[{"embeddable":true,"href":"https:\/\/thefabulousawkwardboys.com\/index.php\/wp-json\/wp\/v2\/comments?post=26"}],"version-history":[{"count":11,"href":"https:\/\/thefabulousawkwardboys.com\/index.php\/wp-json\/wp\/v2\/pages\/26\/revisions"}],"predecessor-version":[{"id":137,"href":"https:\/\/thefabulousawkwardboys.com\/index.php\/wp-json\/wp\/v2\/pages\/26\/revisions\/137"}],"wp:attachment":[{"href":"https:\/\/thefabulousawkwardboys.com\/index.php\/wp-json\/wp\/v2\/media?parent=26"}],"curies":[{"name":"wp","href":"https:\/\/api.w.org\/{rel}","templated":true}]}}