{"id":23,"date":"2024-08-30T23:32:56","date_gmt":"2024-08-30T21:32:56","guid":{"rendered":"http:\/\/thefabulousawkwardboys.com\/?page_id=23"},"modified":"2024-09-25T11:51:15","modified_gmt":"2024-09-25T09:51:15","slug":"tour-dates","status":"publish","type":"page","link":"https:\/\/thefabulousawkwardboys.com\/index.php\/tour-dates\/","title":{"rendered":"Tour Dates"},"content":{"rendered":"\n<h3 class=\"wp-block-heading has-text-align-center\">\u00ab\u00a0Time\u00a0\u00bb Tour &#8211; 2022\/2024:<\/h3>\n\n\n\n<div class=\"wp-block-media-text is-stacked-on-mobile\"><figure class=\"wp-block-media-text__media\"><img loading=\"lazy\" decoding=\"async\" width=\"1024\" height=\"683\" src=\"http:\/\/thefabulousawkwardboys.com\/wp-content\/uploads\/2024\/09\/LIVE-CHALLENGE-31-8-24-MYRIAM-LE-MOG-2-1024x683.jpeg\" alt=\"\" class=\"wp-image-271 size-full\" srcset=\"https:\/\/thefabulousawkwardboys.com\/wp-content\/uploads\/2024\/09\/LIVE-CHALLENGE-31-8-24-MYRIAM-LE-MOG-2-1024x683.jpeg 1024w, https:\/\/thefabulousawkwardboys.com\/wp-content\/uploads\/2024\/09\/LIVE-CHALLENGE-31-8-24-MYRIAM-LE-MOG-2-300x200.jpeg 300w, https:\/\/thefabulousawkwardboys.com\/wp-content\/uploads\/2024\/09\/LIVE-CHALLENGE-31-8-24-MYRIAM-LE-MOG-2-768x512.jpeg 768w, https:\/\/thefabulousawkwardboys.com\/wp-content\/uploads\/2024\/09\/LIVE-CHALLENGE-31-8-24-MYRIAM-LE-MOG-2-420x280.jpeg 420w, https:\/\/thefabulousawkwardboys.com\/wp-content\/uploads\/2024\/09\/LIVE-CHALLENGE-31-8-24-MYRIAM-LE-MOG-2-385x257.jpeg 385w, https:\/\/thefabulousawkwardboys.com\/wp-content\/uploads\/2024\/09\/LIVE-CHALLENGE-31-8-24-MYRIAM-LE-MOG-2.jpeg 1280w\" sizes=\"auto, (max-width: 1024px) 100vw, 1024px\" \/><\/figure><div class=\"wp-block-media-text__content\">\n<p>2 ans et pr\u00e8s de 25 dates Live ont suivi la sortie du dernier album \u00ab\u00a0Time\u00a0\u00bb en 2022, avec un album Live en prime, sorti cette ann\u00e9e&#8230;<\/p>\n<\/div><\/div>\n\n\n\n<div class=\"wp-block-columns is-layout-flex wp-container-core-columns-is-layout-9d6595d7 wp-block-columns-is-layout-flex\">\n<div class=\"wp-block-column is-layout-flow wp-block-column-is-layout-flow\">\n<ul class=\"wp-block-list\">\n<li class=\"has-normal-font-size\">14\/09\/2024 @ La Minoterie (31)<\/li>\n\n\n\n<li class=\"has-normal-font-size\">31\/08\/2024 @ Finale Live Challenge (31)<\/li>\n\n\n\n<li class=\"has-normal-font-size\">21\/08\/2024 @ Tauriac (46)<\/li>\n\n\n\n<li class=\"has-normal-font-size\">27\/07\/2024 @ Presqu&rsquo;\u00eele Ambialet (81)<\/li>\n\n\n\n<li class=\"has-normal-font-size\">11\/07\/2024 @ Live Challenge (31)<\/li>\n\n\n\n<li class=\"has-normal-font-size\">01\/06\/2024 @ La Petite Touch&rsquo; (31)<\/li>\n\n\n\n<li class=\"has-normal-font-size\">01\/03\/2024 @ Le Chorus, Toulouse (31)<\/li>\n\n\n\n<li class=\"has-normal-font-size\">02\/09\/2024 @ La Petite Touch&rsquo; (31)<\/li>\n\n\n\n<li class=\"has-normal-font-size\">21\/07\/2023 @ La Source (11)<\/li>\n\n\n\n<li class=\"has-normal-font-size\">01\/07\/2023 @ Montferrand (11)<\/li>\n<\/ul>\n<\/div>\n\n\n\n<div class=\"wp-block-column is-layout-flow wp-block-column-is-layout-flow\">\n<ul class=\"wp-block-list\">\n<li class=\"has-normal-font-size\">24\/06\/2023 @ Private Partie (31)<\/li>\n\n\n\n<li class=\"has-normal-font-size\">23\/06\/2023 @ Le Crazy Frog&rsquo;s (24)<\/li>\n\n\n\n<li class=\"has-normal-font-size\">21\/06\/2023 @ La Confr\u00e9rie de Dyonisos (46)<\/li>\n\n\n\n<li class=\"has-normal-font-size\">13\/05\/2023 @ L&rsquo;Impass, Aussonne (31)<\/li>\n\n\n\n<li class=\"has-normal-font-size\">12\/05\/2023 @ Les Marins d&rsquo;eau douce (31)<\/li>\n\n\n\n<li class=\"has-normal-font-size\">31\/03\/2024 @ V&amp;B Castelnaudary (11)<\/li>\n\n\n\n<li class=\"has-normal-font-size\">04\/02\/2023 @ La Grange de l&rsquo;Affenage (31)<\/li>\n\n\n\n<li class=\"has-normal-font-size\">25\/11\/2022 @ Rosny&rsquo;s Bar, Capbreton (40)<\/li>\n\n\n\n<li class=\"has-normal-font-size\">15\/10\/2022 @ 145 Live Music (31)<\/li>\n\n\n\n<li class=\"has-normal-font-size\">14\/10\/2022 @ Showroom Gallery, Tarbes (65)<\/li>\n<\/ul>\n<\/div>\n<\/div>\n\n\n\n<h3 class=\"wp-block-heading has-text-align-center\">\u00ab\u00a0Winter\u00a0\u00bb Tour &#8211; 2019\/2021<\/h3>\n\n\n\n<div class=\"wp-block-media-text has-media-on-the-right is-stacked-on-mobile\"><div class=\"wp-block-media-text__content\">\n<p class=\"has-normal-font-size\">Les lives : Lembarzique Caf\u00e9, Caravan S\u00e9rail, Le Cactus, Les Marins d&rsquo;eau douce, Hel&rsquo;s Kitchen, Le Caf\u00e9 Perch\u00e9, L&rsquo;Oppidum, The Quay, &#8230;<\/p>\n<\/div><figure class=\"wp-block-media-text__media\"><img loading=\"lazy\" decoding=\"async\" width=\"1024\" height=\"602\" src=\"http:\/\/thefabulousawkwardboys.com\/wp-content\/uploads\/2024\/09\/Live-Avignonet-LapSteel-MidRes-1024x602.jpeg\" alt=\"\" class=\"wp-image-253 size-full\" srcset=\"https:\/\/thefabulousawkwardboys.com\/wp-content\/uploads\/2024\/09\/Live-Avignonet-LapSteel-MidRes-1024x602.jpeg 1024w, https:\/\/thefabulousawkwardboys.com\/wp-content\/uploads\/2024\/09\/Live-Avignonet-LapSteel-MidRes-300x176.jpeg 300w, https:\/\/thefabulousawkwardboys.com\/wp-content\/uploads\/2024\/09\/Live-Avignonet-LapSteel-MidRes-768x452.jpeg 768w, https:\/\/thefabulousawkwardboys.com\/wp-content\/uploads\/2024\/09\/Live-Avignonet-LapSteel-MidRes.jpeg 1280w\" sizes=\"auto, (max-width: 1024px) 100vw, 1024px\" \/><\/figure><\/div>\n\n\n\n<div class=\"wp-block-columns is-layout-flex wp-container-core-columns-is-layout-9d6595d7 wp-block-columns-is-layout-flex\">\n<div class=\"wp-block-column is-layout-flow wp-block-column-is-layout-flow\">\n<h3 class=\"wp-block-heading has-text-align-center\">\u00ab\u00a0Sold out \u00a0\u00bb &#8211; Gorgeous (&amp; The Fabulous Awkward Boys) &#8211; 2014\/2018<\/h3>\n<\/div>\n<\/div>\n\n\n\n<figure class=\"wp-block-gallery has-nested-images columns-default is-cropped wp-block-gallery-1 is-layout-flex wp-block-gallery-is-layout-flex\">\n<figure class=\"wp-block-image size-large\"><img loading=\"lazy\" decoding=\"async\" width=\"1024\" height=\"768\" data-id=\"197\" src=\"https:\/\/thefabulousawkwardboys.com\/wp-content\/uploads\/2024\/09\/IMG_3621-2-1024x768.jpeg\" alt=\"\" class=\"wp-image-197\" srcset=\"https:\/\/thefabulousawkwardboys.com\/wp-content\/uploads\/2024\/09\/IMG_3621-2-1024x768.jpeg 1024w, https:\/\/thefabulousawkwardboys.com\/wp-content\/uploads\/2024\/09\/IMG_3621-2-300x225.jpeg 300w, https:\/\/thefabulousawkwardboys.com\/wp-content\/uploads\/2024\/09\/IMG_3621-2-768x576.jpeg 768w, https:\/\/thefabulousawkwardboys.com\/wp-content\/uploads\/2024\/09\/IMG_3621-2-840x630.jpeg 840w, https:\/\/thefabulousawkwardboys.com\/wp-content\/uploads\/2024\/09\/IMG_3621-2-90x68.jpeg 90w, https:\/\/thefabulousawkwardboys.com\/wp-content\/uploads\/2024\/09\/IMG_3621-2.jpeg 1280w\" sizes=\"auto, (max-width: 1024px) 100vw, 1024px\" \/><\/figure>\n\n\n\n<figure class=\"wp-block-image size-large\"><img loading=\"lazy\" decoding=\"async\" width=\"1024\" height=\"683\" data-id=\"199\" src=\"https:\/\/thefabulousawkwardboys.com\/wp-content\/uploads\/2024\/09\/IMG_3651-1024x683.jpeg\" alt=\"\" class=\"wp-image-199\" srcset=\"https:\/\/thefabulousawkwardboys.com\/wp-content\/uploads\/2024\/09\/IMG_3651-1024x683.jpeg 1024w, https:\/\/thefabulousawkwardboys.com\/wp-content\/uploads\/2024\/09\/IMG_3651-300x200.jpeg 300w, https:\/\/thefabulousawkwardboys.com\/wp-content\/uploads\/2024\/09\/IMG_3651-768x512.jpeg 768w, https:\/\/thefabulousawkwardboys.com\/wp-content\/uploads\/2024\/09\/IMG_3651-420x280.jpeg 420w, https:\/\/thefabulousawkwardboys.com\/wp-content\/uploads\/2024\/09\/IMG_3651-385x257.jpeg 385w, https:\/\/thefabulousawkwardboys.com\/wp-content\/uploads\/2024\/09\/IMG_3651.jpeg 1280w\" sizes=\"auto, (max-width: 1024px) 100vw, 1024px\" \/><\/figure>\n\n\n\n<figure class=\"wp-block-image size-large\"><img loading=\"lazy\" decoding=\"async\" width=\"1024\" height=\"766\" data-id=\"187\" src=\"https:\/\/thefabulousawkwardboys.com\/wp-content\/uploads\/2024\/09\/IMG_2622-1024x766.jpeg\" alt=\"\" class=\"wp-image-187\" srcset=\"https:\/\/thefabulousawkwardboys.com\/wp-content\/uploads\/2024\/09\/IMG_2622-1024x766.jpeg 1024w, https:\/\/thefabulousawkwardboys.com\/wp-content\/uploads\/2024\/09\/IMG_2622-300x224.jpeg 300w, https:\/\/thefabulousawkwardboys.com\/wp-content\/uploads\/2024\/09\/IMG_2622-768x574.jpeg 768w, https:\/\/thefabulousawkwardboys.com\/wp-content\/uploads\/2024\/09\/IMG_2622-90x68.jpeg 90w, https:\/\/thefabulousawkwardboys.com\/wp-content\/uploads\/2024\/09\/IMG_2622.jpeg 1280w\" sizes=\"auto, (max-width: 1024px) 100vw, 1024px\" \/><\/figure>\n\n\n\n<figure class=\"wp-block-image size-large\"><img loading=\"lazy\" decoding=\"async\" width=\"1024\" height=\"1024\" data-id=\"185\" src=\"https:\/\/thefabulousawkwardboys.com\/wp-content\/uploads\/2024\/09\/IMG_2594-1-1024x1024.jpeg\" alt=\"\" class=\"wp-image-185\" srcset=\"https:\/\/thefabulousawkwardboys.com\/wp-content\/uploads\/2024\/09\/IMG_2594-1-1024x1024.jpeg 1024w, https:\/\/thefabulousawkwardboys.com\/wp-content\/uploads\/2024\/09\/IMG_2594-1-300x300.jpeg 300w, https:\/\/thefabulousawkwardboys.com\/wp-content\/uploads\/2024\/09\/IMG_2594-1-150x150.jpeg 150w, https:\/\/thefabulousawkwardboys.com\/wp-content\/uploads\/2024\/09\/IMG_2594-1-768x768.jpeg 768w, https:\/\/thefabulousawkwardboys.com\/wp-content\/uploads\/2024\/09\/IMG_2594-1.jpeg 1280w\" sizes=\"auto, (max-width: 1024px) 100vw, 1024px\" \/><\/figure>\n\n\n\n<figure class=\"wp-block-image size-large\"><img loading=\"lazy\" decoding=\"async\" width=\"766\" height=\"1024\" data-id=\"184\" src=\"https:\/\/thefabulousawkwardboys.com\/wp-content\/uploads\/2024\/09\/IMG_2559-766x1024.jpeg\" alt=\"\" class=\"wp-image-184\" srcset=\"https:\/\/thefabulousawkwardboys.com\/wp-content\/uploads\/2024\/09\/IMG_2559-766x1024.jpeg 766w, https:\/\/thefabulousawkwardboys.com\/wp-content\/uploads\/2024\/09\/IMG_2559-224x300.jpeg 224w, https:\/\/thefabulousawkwardboys.com\/wp-content\/uploads\/2024\/09\/IMG_2559-768x1027.jpeg 768w, https:\/\/thefabulousawkwardboys.com\/wp-content\/uploads\/2024\/09\/IMG_2559.jpeg 957w\" sizes=\"auto, (max-width: 766px) 100vw, 766px\" \/><\/figure>\n\n\n\n<figure class=\"wp-block-image size-large\"><img loading=\"lazy\" decoding=\"async\" width=\"1024\" height=\"768\" data-id=\"181\" src=\"https:\/\/thefabulousawkwardboys.com\/wp-content\/uploads\/2024\/09\/IMG_2328-1024x768.jpeg\" alt=\"\" class=\"wp-image-181\" srcset=\"https:\/\/thefabulousawkwardboys.com\/wp-content\/uploads\/2024\/09\/IMG_2328-1024x768.jpeg 1024w, https:\/\/thefabulousawkwardboys.com\/wp-content\/uploads\/2024\/09\/IMG_2328-300x225.jpeg 300w, https:\/\/thefabulousawkwardboys.com\/wp-content\/uploads\/2024\/09\/IMG_2328-768x576.jpeg 768w, https:\/\/thefabulousawkwardboys.com\/wp-content\/uploads\/2024\/09\/IMG_2328-840x630.jpeg 840w, https:\/\/thefabulousawkwardboys.com\/wp-content\/uploads\/2024\/09\/IMG_2328-90x68.jpeg 90w, https:\/\/thefabulousawkwardboys.com\/wp-content\/uploads\/2024\/09\/IMG_2328.jpeg 1280w\" sizes=\"auto, (max-width: 1024px) 100vw, 1024px\" \/><\/figure>\n\n\n\n<figure class=\"wp-block-image size-large\"><img loading=\"lazy\" decoding=\"async\" width=\"766\" height=\"1024\" data-id=\"180\" src=\"https:\/\/thefabulousawkwardboys.com\/wp-content\/uploads\/2024\/09\/IMG_2415-766x1024.jpeg\" alt=\"\" class=\"wp-image-180\" srcset=\"https:\/\/thefabulousawkwardboys.com\/wp-content\/uploads\/2024\/09\/IMG_2415-766x1024.jpeg 766w, https:\/\/thefabulousawkwardboys.com\/wp-content\/uploads\/2024\/09\/IMG_2415-224x300.jpeg 224w, https:\/\/thefabulousawkwardboys.com\/wp-content\/uploads\/2024\/09\/IMG_2415-768x1027.jpeg 768w, https:\/\/thefabulousawkwardboys.com\/wp-content\/uploads\/2024\/09\/IMG_2415.jpeg 957w\" sizes=\"auto, (max-width: 766px) 100vw, 766px\" \/><\/figure>\n\n\n\n<figure class=\"wp-block-image size-large\"><img loading=\"lazy\" decoding=\"async\" width=\"1024\" height=\"683\" data-id=\"209\" src=\"https:\/\/thefabulousawkwardboys.com\/wp-content\/uploads\/2024\/09\/IMG_8115-1024x683.jpeg\" alt=\"\" class=\"wp-image-209\" srcset=\"https:\/\/thefabulousawkwardboys.com\/wp-content\/uploads\/2024\/09\/IMG_8115-1024x683.jpeg 1024w, https:\/\/thefabulousawkwardboys.com\/wp-content\/uploads\/2024\/09\/IMG_8115-300x200.jpeg 300w, https:\/\/thefabulousawkwardboys.com\/wp-content\/uploads\/2024\/09\/IMG_8115-768x512.jpeg 768w, https:\/\/thefabulousawkwardboys.com\/wp-content\/uploads\/2024\/09\/IMG_8115-420x280.jpeg 420w, https:\/\/thefabulousawkwardboys.com\/wp-content\/uploads\/2024\/09\/IMG_8115-385x257.jpeg 385w, https:\/\/thefabulousawkwardboys.com\/wp-content\/uploads\/2024\/09\/IMG_8115.jpeg 1280w\" sizes=\"auto, (max-width: 1024px) 100vw, 1024px\" \/><\/figure>\n\n\n\n<figure class=\"wp-block-image size-large\"><img loading=\"lazy\" decoding=\"async\" width=\"1024\" height=\"1024\" data-id=\"205\" src=\"https:\/\/thefabulousawkwardboys.com\/wp-content\/uploads\/2024\/09\/IMG_8117-2-1024x1024.jpeg\" alt=\"\" class=\"wp-image-205\" srcset=\"https:\/\/thefabulousawkwardboys.com\/wp-content\/uploads\/2024\/09\/IMG_8117-2-1024x1024.jpeg 1024w, https:\/\/thefabulousawkwardboys.com\/wp-content\/uploads\/2024\/09\/IMG_8117-2-300x300.jpeg 300w, https:\/\/thefabulousawkwardboys.com\/wp-content\/uploads\/2024\/09\/IMG_8117-2-150x150.jpeg 150w, https:\/\/thefabulousawkwardboys.com\/wp-content\/uploads\/2024\/09\/IMG_8117-2-768x768.jpeg 768w, https:\/\/thefabulousawkwardboys.com\/wp-content\/uploads\/2024\/09\/IMG_8117-2.jpeg 1280w\" sizes=\"auto, (max-width: 1024px) 100vw, 1024px\" \/><\/figure>\n<\/figure>\n","protected":false},"excerpt":{"rendered":"<p>\u00ab\u00a0Time\u00a0\u00bb Tour &#8211; 2022\/2024: 2 ans et pr\u00e8s de 25 dates Live ont suivi la sortie du dernier album \u00ab\u00a0Time\u00a0\u00bb en 2022, avec un album Live en prime, sorti cette ann\u00e9e&#8230; \u00ab\u00a0Winter\u00a0\u00bb Tour &#8211; 2019\/2021 Les lives : Lembarzique Caf\u00e9, Caravan S\u00e9rail, Le Cactus, Les Marins d&rsquo;eau douce, Hel&rsquo;s Kitchen, <span class=\"read-more\"><a class=\"more-link btn btn-transparent\" href=\"https:\/\/thefabulousawkwardboys.com\/index.php\/tour-dates\/\">Lire la suite . . .<\/a><\/span><\/p>\n","protected":false},"author":1,"featured_media":0,"parent":0,"menu_order":0,"comment_status":"closed","ping_status":"closed","template":"","meta":{"footnotes":""},"class_list":["post-23","page","type-page","status-publish","hentry"],"_links":{"self":[{"href":"https:\/\/thefabulousawkwardboys.com\/index.php\/wp-json\/wp\/v2\/pages\/23","targetHints":{"allow":["GET"]}}],"collection":[{"href":"https:\/\/thefabulousawkwardboys.com\/index.php\/wp-json\/wp\/v2\/pages"}],"about":[{"href":"https:\/\/thefabulousawkwardboys.com\/index.php\/wp-json\/wp\/v2\/types\/page"}],"author":[{"embeddable":true,"href":"https:\/\/thefabulousawkwardboys.com\/index.php\/wp-json\/wp\/v2\/users\/1"}],"replies":[{"embeddable":true,"href":"https:\/\/thefabulousawkwardboys.com\/index.php\/wp-json\/wp\/v2\/comments?post=23"}],"version-history":[{"count":6,"href":"https:\/\/thefabulousawkwardboys.com\/index.php\/wp-json\/wp\/v2\/pages\/23\/revisions"}],"predecessor-version":[{"id":326,"href":"https:\/\/thefabulousawkwardboys.com\/index.php\/wp-json\/wp\/v2\/pages\/23\/revisions\/326"}],"wp:attachment":[{"href":"https:\/\/thefabulousawkwardboys.com\/index.php\/wp-json\/wp\/v2\/media?parent=23"}],"curies":[{"name":"wp","href":"https:\/\/api.w.org\/{rel}","templated":true}]}}